{"id":1238,"date":"2020-11-24T16:56:57","date_gmt":"2020-11-24T16:56:57","guid":{"rendered":"https:\/\/golightly-group.com\/?post_type=product&#038;p=1238"},"modified":"2021-01-26T13:40:59","modified_gmt":"2021-01-26T13:40:59","slug":"badekugel-i-believe-in-pink","status":"publish","type":"product","link":"https:\/\/golightly-group.com\/es\/produkt\/badekugel-i-believe-in-pink\/","title":{"rendered":"Badekugel \u00abI believe in Pink\u00bb"},"content":{"rendered":"<p><em>\u00abIch glaube an PINK<\/em><br \/>\n<em>Ich glaube, dass Lachen der beste Kalorienverbrenner ist.<\/em><br \/>\n<em>Ich glaube ans K\u00fcssen, viel K\u00fcssen.<\/em><br \/>\n<em>Ich glaube daran stark zu sein,wenn alles schief zu gehen scheint.<\/em><br \/>\n<em>Ich glaube, dass gl\u00fcckliche M\u00e4dchen die sch\u00f6nsten M\u00e4dchen sind.<\/em><br \/>\n<em>Ich glaube, dass morgen ein anderer Tag ist und ich glaube an Wunder!\u00bb<\/em><\/p>\n<p>Audrey Hepburn<\/p>\n<p>Die leuchtend pinke Badekugel ist handgefertigt und verw\u00f6hnt Sie mit Mangobutter und Avocado\u00f6l in einer Kombination mit den \u00e4therischen \u00d6len der Pink Grapefruit und Rosenbl\u00e4ttern.<br \/>\nMangobutter und Avocado\u00f6l sorgen f\u00fcr ein samtweiches Hautgef\u00fchl, Pink Grapefruit und Rosenbl\u00e4tter verbreiten einen belebenden und zugleich entspannenden Duft.<br \/>\nMit dieser Badekugel geniessen Sie Glamour pur!<\/p>\n<p>&nbsp;<\/p>\n","protected":false},"excerpt":{"rendered":"<p>Think Pink! Glitter, Glamour &amp; Gl\u00fcck!<\/p>\n","protected":false},"featured_media":1268,"comment_status":"open","ping_status":"closed","template":"","meta":{"_acf_changed":false},"pwb-brand":[49],"product_brand":[],"product_cat":[45,36],"product_tag":[39,62,63,64,60,61],"class_list":{"0":"post-1238","1":"product","2":"type-product","3":"status-publish","4":"has-post-thumbnail","6":"pwb-brand-holly-paul","7":"product_cat-badekugeln","8":"product_cat-kosmetik","9":"product_tag-badekugel","10":"product_tag-glitter","11":"product_tag-glueck","12":"product_tag-handgemacht","13":"product_tag-pink","14":"product_tag-think-pink","16":"first","17":"instock","18":"taxable","19":"shipping-taxable","20":"purchasable","21":"product-type-simple"},"acf":[],"brands":[{"id":49,"name":"Holly &amp; Paul","slug":"holly-paul"}],"_links":{"self":[{"href":"https:\/\/golightly-group.com\/es\/wp-json\/wp\/v2\/product\/1238","targetHints":{"allow":["GET"]}}],"collection":[{"href":"https:\/\/golightly-group.com\/es\/wp-json\/wp\/v2\/product"}],"about":[{"href":"https:\/\/golightly-group.com\/es\/wp-json\/wp\/v2\/types\/product"}],"replies":[{"embeddable":true,"href":"https:\/\/golightly-group.com\/es\/wp-json\/wp\/v2\/comments?post=1238"}],"version-history":[{"count":0,"href":"https:\/\/golightly-group.com\/es\/wp-json\/wp\/v2\/product\/1238\/revisions"}],"wp:featuredmedia":[{"embeddable":true,"href":"https:\/\/golightly-group.com\/es\/wp-json\/wp\/v2\/media\/1268"}],"wp:attachment":[{"href":"https:\/\/golightly-group.com\/es\/wp-json\/wp\/v2\/media?parent=1238"}],"wp:term":[{"taxonomy":"pwb-brand","embeddable":true,"href":"https:\/\/golightly-group.com\/es\/wp-json\/wp\/v2\/pwb-brand?post=1238"},{"taxonomy":"product_brand","embeddable":true,"href":"https:\/\/golightly-group.com\/es\/wp-json\/wp\/v2\/product_brand?post=1238"},{"taxonomy":"product_cat","embeddable":true,"href":"https:\/\/golightly-group.com\/es\/wp-json\/wp\/v2\/product_cat?post=1238"},{"taxonomy":"product_tag","embeddable":true,"href":"https:\/\/golightly-group.com\/es\/wp-json\/wp\/v2\/product_tag?post=1238"}],"curies":[{"name":"wp","href":"https:\/\/api.w.org\/{rel}","templated":true}]}}