{"id":957,"date":"2020-04-24T15:58:12","date_gmt":"2020-04-24T15:58:12","guid":{"rendered":"https:\/\/golightly-group.com\/bienvenido-a-hollys\/"},"modified":"2026-02-16T13:11:21","modified_gmt":"2026-02-16T13:11:21","slug":"restaurante-hollys","status":"publish","type":"page","link":"https:\/\/golightly-group.com\/es\/restaurante-hollys\/","title":{"rendered":"Bienvenido a Holly`s"},"content":{"rendered":"\t\t<div data-elementor-type=\"wp-page\" data-elementor-id=\"957\" class=\"elementor elementor-957 elementor-59\" data-elementor-post-type=\"page\">\n\t\t\t\t\t\t<section class=\"elementor-section elementor-top-section elementor-element elementor-element-7a62cd7 elementor-section-boxed elementor-section-height-default elementor-section-height-default\" data-id=\"7a62cd7\" data-element_type=\"section\" data-e-type=\"section\">\n\t\t\t\t\t\t<div class=\"elementor-container elementor-column-gap-default\">\n\t\t\t\t\t<div class=\"elementor-column elementor-col-100 elementor-top-column elementor-element elementor-element-27c0a60\" data-id=\"27c0a60\" data-element_type=\"column\" data-e-type=\"column\">\n\t\t\t<div class=\"elementor-widget-wrap elementor-element-populated\">\n\t\t\t\t\t\t<div class=\"elementor-element elementor-element-23a06f7 elementor-position-left elementor-vertical-align-top elementor-widget elementor-widget-image-box\" data-id=\"23a06f7\" data-element_type=\"widget\" data-e-type=\"widget\" data-widget_type=\"image-box.default\">\n\t\t\t\t<div class=\"elementor-widget-container\">\n\t\t\t\t\t<div class=\"elementor-image-box-wrapper\"><figure class=\"elementor-image-box-img\"><img fetchpriority=\"high\" decoding=\"async\" width=\"1085\" height=\"1142\" src=\"https:\/\/golightly-group.com\/wp-content\/uploads\/2025\/09\/hollys-kitchen-cocktails-concept-store-logo.jpg\" class=\"attachment-full size-full wp-image-9134\" alt=\"\" srcset=\"https:\/\/golightly-group.com\/wp-content\/uploads\/2025\/09\/hollys-kitchen-cocktails-concept-store-logo.jpg 1085w, https:\/\/golightly-group.com\/wp-content\/uploads\/2025\/09\/hollys-kitchen-cocktails-concept-store-logo-285x300.jpg 285w, https:\/\/golightly-group.com\/wp-content\/uploads\/2025\/09\/hollys-kitchen-cocktails-concept-store-logo-973x1024.jpg 973w, https:\/\/golightly-group.com\/wp-content\/uploads\/2025\/09\/hollys-kitchen-cocktails-concept-store-logo-768x808.jpg 768w, https:\/\/golightly-group.com\/wp-content\/uploads\/2025\/09\/hollys-kitchen-cocktails-concept-store-logo-1024x1078.jpg 1024w\" sizes=\"(max-width: 1085px) 100vw, 1085px\" \/><\/figure><div class=\"elementor-image-box-content\"><h3 class=\"elementor-image-box-title\">Bienvenido a Holly's<\/h3><p class=\"elementor-image-box-description\">Donde los desconocidos se convierten en amigos<\/p><\/div><\/div>\t\t\t\t<\/div>\n\t\t\t\t<\/div>\n\t\t\t\t<div class=\"elementor-element elementor-element-000b669 elementor-widget elementor-widget-image\" data-id=\"000b669\" data-element_type=\"widget\" data-e-type=\"widget\" data-widget_type=\"image.default\">\n\t\t\t\t<div class=\"elementor-widget-container\">\n\t\t\t\t\t\t\t\t\t\t\t\t\t\t\t<img decoding=\"async\" width=\"1922\" height=\"940\" src=\"https:\/\/golightly-group.com\/wp-content\/uploads\/2020\/04\/Holly-Golightlys-Apartment.jpg\" class=\"attachment-full size-full wp-image-67\" alt=\"\" srcset=\"https:\/\/golightly-group.com\/wp-content\/uploads\/2020\/04\/Holly-Golightlys-Apartment.jpg 1922w, https:\/\/golightly-group.com\/wp-content\/uploads\/2020\/04\/Holly-Golightlys-Apartment-1024x501.jpg 1024w, https:\/\/golightly-group.com\/wp-content\/uploads\/2020\/04\/Holly-Golightlys-Apartment-300x147.jpg 300w, https:\/\/golightly-group.com\/wp-content\/uploads\/2020\/04\/Holly-Golightlys-Apartment-768x376.jpg 768w, https:\/\/golightly-group.com\/wp-content\/uploads\/2020\/04\/Holly-Golightlys-Apartment-1536x751.jpg 1536w\" sizes=\"(max-width: 1922px) 100vw, 1922px\" \/>\t\t\t\t\t\t\t\t\t\t\t\t\t\t\t<\/div>\n\t\t\t\t<\/div>\n\t\t\t\t<div class=\"elementor-element elementor-element-cbd9f20 elementor-widget elementor-widget-text-editor\" data-id=\"cbd9f20\" data-element_type=\"widget\" data-e-type=\"widget\" data-widget_type=\"text-editor.default\">\n\t\t\t\t<div class=\"elementor-widget-container\">\n\t\t\t\t\t\t\t\t\t<p>Inspirado en la diversidad de la cocina neoyorquina, la ilustre sociedad que rodea a Holly Golightly y las 4 estaciones, Holly&#8217;s Restaurant | Cocktailbar &amp; Concept Store ofrece comida casera y bebidas de todo el mundo, modernas pero tradicionales.<br \/>Por ello, adem\u00e1s de un peque\u00f1o men\u00fa regular, tambi\u00e9n hay una carta cambiante.<br \/>Nos centramos en la cocina vegetariana y vegana, pero tambi\u00e9n ofrecemos platos de carne, pescado y marisco.<br \/>Tambi\u00e9n ofrecemos un servicio de catering individual, especializado en finger food | tapas | paella | barbacoa | postres.<br \/>En el concept store podr\u00e1 adquirir diversos art\u00edculos caseros y artesanales.<\/p>\n<p>Encontrar\u00e1 nuestro restaurante en el barrio de moda de Santa Catalina | Palma.<\/p>\n<p>Bienvenido a Holly&#8217;s ~<br \/>Donde los extra\u00f1os se convierten en amigos<\/p>\n\t\t\t\t\t\t\t\t<\/div>\n\t\t\t\t<\/div>\n\t\t\t\t\t<\/div>\n\t\t<\/div>\n\t\t\t\t\t<\/div>\n\t\t<\/section>\n\t\t\t\t<\/div>\n\t\t","protected":false},"excerpt":{"rendered":"<p>Bienvenido a Holly&#8217;s Donde los desconocidos se convierten en amigos Inspirado en la diversidad de la cocina neoyorquina, la ilustre sociedad que rodea a Holly Golightly y las 4 estaciones, Holly&#8217;s Restaurant | Cocktailbar &amp; Concept Store ofrece comida casera y bebidas de todo el mundo, modernas pero tradicionales.Por ello, adem\u00e1s de un peque\u00f1o men\u00fa [&hellip;]<\/p>\n","protected":false},"author":1,"featured_media":0,"parent":0,"menu_order":20,"comment_status":"closed","ping_status":"closed","template":"","meta":{"_acf_changed":false,"footnotes":""},"class_list":["post-957","page","type-page","status-publish","hentry"],"acf":[],"_links":{"self":[{"href":"https:\/\/golightly-group.com\/es\/wp-json\/wp\/v2\/pages\/957","targetHints":{"allow":["GET"]}}],"collection":[{"href":"https:\/\/golightly-group.com\/es\/wp-json\/wp\/v2\/pages"}],"about":[{"href":"https:\/\/golightly-group.com\/es\/wp-json\/wp\/v2\/types\/page"}],"author":[{"embeddable":true,"href":"https:\/\/golightly-group.com\/es\/wp-json\/wp\/v2\/users\/1"}],"replies":[{"embeddable":true,"href":"https:\/\/golightly-group.com\/es\/wp-json\/wp\/v2\/comments?post=957"}],"version-history":[{"count":10,"href":"https:\/\/golightly-group.com\/es\/wp-json\/wp\/v2\/pages\/957\/revisions"}],"predecessor-version":[{"id":9376,"href":"https:\/\/golightly-group.com\/es\/wp-json\/wp\/v2\/pages\/957\/revisions\/9376"}],"wp:attachment":[{"href":"https:\/\/golightly-group.com\/es\/wp-json\/wp\/v2\/media?parent=957"}],"curies":[{"name":"wp","href":"https:\/\/api.w.org\/{rel}","templated":true}]}}