{"id":955,"date":"2020-05-05T09:34:03","date_gmt":"2020-05-05T09:34:03","guid":{"rendered":"https:\/\/golightly-group.com\/sobre-nosotros\/"},"modified":"2024-05-04T08:48:09","modified_gmt":"2024-05-04T08:48:09","slug":"sobre-nosotros","status":"publish","type":"page","link":"https:\/\/golightly-group.com\/es\/sobre-nosotros\/","title":{"rendered":"Sobre nosotros"},"content":{"rendered":"\t\t<div data-elementor-type=\"wp-page\" data-elementor-id=\"955\" class=\"elementor elementor-955 elementor-863\" data-elementor-post-type=\"page\">\n\t\t\t\t\t\t<section class=\"elementor-section elementor-top-section elementor-element elementor-element-a007b35 elementor-section-boxed elementor-section-height-default elementor-section-height-default\" data-id=\"a007b35\" data-element_type=\"section\" data-e-type=\"section\">\n\t\t\t\t\t\t<div class=\"elementor-container elementor-column-gap-default\">\n\t\t\t\t\t<div class=\"elementor-column elementor-col-100 elementor-top-column elementor-element elementor-element-d30e795\" data-id=\"d30e795\" data-element_type=\"column\" data-e-type=\"column\">\n\t\t\t<div class=\"elementor-widget-wrap elementor-element-populated\">\n\t\t\t\t\t\t<div class=\"elementor-element elementor-element-a671f9a elementor-widget elementor-widget-text-editor\" data-id=\"a671f9a\" data-element_type=\"widget\" data-e-type=\"widget\" data-widget_type=\"text-editor.default\">\n\t\t\t\t<div class=\"elementor-widget-container\">\n\t\t\t\t\t\t\t\t\t<p>Basado en la pel\u00edcula de 1961 \u00abDesayuno con diamantes\u00bb, Holly&#8217;s se cre\u00f3 en 2009, lleva el nombre del personaje de la pel\u00edcula Holly Golightly, a quien Audrey Hepburn encarn\u00f3 de manera tan encantadora y finalmente la convirti\u00f3 en un icono de estilo en las creaciones de Hubert Givenchy.<br \/>\nElla no era la primera opci\u00f3n de Truman Capote, adem\u00e1s, estaba horrorizado de que el papel fuera interpretado por la delicada Audrey Hepburn, porque ten\u00eda en mente a su amiga Marilyn Monroe. Si esto parece completamente absurdo para el espectador, debe mencionarse que el personaje del acebo golosamente en la pel\u00edcula de Blake Edwards es m\u00e1s encantador.<br \/>\nAs\u00ed como la pel\u00edcula se basa libremente en el libro, tambi\u00e9n nos orientamos libremente en la pel\u00edcula.<br \/>\nEntonces, con Holly&#8217;s queremos crear un lugar donde los extra\u00f1os se diviertan (juntos), no siempre tiene que ser una fiesta loca como en la pel\u00edcula, a veces se hace un acogedor brunch un domingo o un sociable TapasTuesday.<\/p>\n<p>POR QU\u00c9 GOLIGHTLY-GROUP<\/p>\n<p>El\u00a0 Golightly-Group combina varias ideas en torno a Holly Golightly &#8230; Belleza y estilo de vida.<\/p>\n<p>POR QU\u00c9 PARIS NEW YORK CB<\/p>\n<p>Lo que inicialmente comenz\u00f3 como un proyecto independiente y conectado desde el principio se convirti\u00f3 en un solo proyecto en papel en 2014 con el traslado a Palma.<\/p>\n<p>Par\u00eds: Moda, dise\u00f1o y estilo de vida.<br \/>\nNewYork: Comida, bebida y estilo de vida<\/p>\n\t\t\t\t\t\t\t\t<\/div>\n\t\t\t\t<\/div>\n\t\t\t\t\t<\/div>\n\t\t<\/div>\n\t\t\t\t\t<\/div>\n\t\t<\/section>\n\t\t\t\t<\/div>\n\t\t","protected":false},"excerpt":{"rendered":"<p>Basado en la pel\u00edcula de 1961 \u00abDesayuno con diamantes\u00bb, Holly&#8217;s se cre\u00f3 en 2009, lleva el nombre del personaje de la pel\u00edcula Holly Golightly, a quien Audrey Hepburn encarn\u00f3 de manera tan encantadora y finalmente la convirti\u00f3 en un icono de estilo en las creaciones de Hubert Givenchy. Ella no era la primera opci\u00f3n de [&hellip;]<\/p>\n","protected":false},"author":2,"featured_media":0,"parent":0,"menu_order":104,"comment_status":"closed","ping_status":"closed","template":"","meta":{"_acf_changed":false,"footnotes":""},"class_list":["post-955","page","type-page","status-publish","hentry"],"acf":[],"_links":{"self":[{"href":"https:\/\/golightly-group.com\/es\/wp-json\/wp\/v2\/pages\/955","targetHints":{"allow":["GET"]}}],"collection":[{"href":"https:\/\/golightly-group.com\/es\/wp-json\/wp\/v2\/pages"}],"about":[{"href":"https:\/\/golightly-group.com\/es\/wp-json\/wp\/v2\/types\/page"}],"author":[{"embeddable":true,"href":"https:\/\/golightly-group.com\/es\/wp-json\/wp\/v2\/users\/2"}],"replies":[{"embeddable":true,"href":"https:\/\/golightly-group.com\/es\/wp-json\/wp\/v2\/comments?post=955"}],"version-history":[{"count":1,"href":"https:\/\/golightly-group.com\/es\/wp-json\/wp\/v2\/pages\/955\/revisions"}],"predecessor-version":[{"id":7893,"href":"https:\/\/golightly-group.com\/es\/wp-json\/wp\/v2\/pages\/955\/revisions\/7893"}],"wp:attachment":[{"href":"https:\/\/golightly-group.com\/es\/wp-json\/wp\/v2\/media?parent=955"}],"curies":[{"name":"wp","href":"https:\/\/api.w.org\/{rel}","templated":true}]}}