{"id":2950,"date":"2020-04-24T21:52:11","date_gmt":"2020-04-24T21:52:11","guid":{"rendered":"https:\/\/golightly-group.com\/aviso-legal\/"},"modified":"2024-05-04T08:47:23","modified_gmt":"2024-05-04T08:47:23","slug":"aviso-legal","status":"publish","type":"page","link":"https:\/\/golightly-group.com\/es\/aviso-legal\/","title":{"rendered":"Aviso legal"},"content":{"rendered":"\t\t<div data-elementor-type=\"wp-page\" data-elementor-id=\"2950\" class=\"elementor elementor-2950 elementor-221\" data-elementor-post-type=\"page\">\n\t\t\t\t\t\t<section class=\"elementor-section elementor-top-section elementor-element elementor-element-47125f6 elementor-section-boxed elementor-section-height-default elementor-section-height-default\" data-id=\"47125f6\" data-element_type=\"section\" data-e-type=\"section\">\n\t\t\t\t\t\t<div class=\"elementor-container elementor-column-gap-default\">\n\t\t\t\t\t<div class=\"elementor-column elementor-col-100 elementor-top-column elementor-element elementor-element-c954c89\" data-id=\"c954c89\" data-element_type=\"column\" data-e-type=\"column\">\n\t\t\t<div class=\"elementor-widget-wrap elementor-element-populated\">\n\t\t\t\t\t\t<div class=\"elementor-element elementor-element-0fa53d0 elementor-widget elementor-widget-text-editor\" data-id=\"0fa53d0\" data-element_type=\"widget\" data-e-type=\"widget\" data-widget_type=\"text-editor.default\">\n\t\t\t\t<div class=\"elementor-widget-container\">\n\t\t\t\t\t\t\t\t\t<div class=\"vc_row wpb_row vc_row-fluid\">\n<div class=\"wpb_column vc_column_container vc_col-sm-12\">\n<div class=\"vc_column-inner \">\n<div class=\"wpb_wrapper\">\n<div class=\"wpb_text_column wpb_content_element \">\n<div class=\"wpb_wrapper\">\n<p><strong>Holly`s Bistro &amp; Lounge | Cocktailbar<\/strong><\/p>\n<p>es propiedad de<\/p>\n<p><strong>Paris New York CB<\/strong><\/p>\n<p>Christina Maria Vogt &amp; Pia Birgitta Vogt<\/p>\n<p>Carrer de la Pursiana, 6<\/p>\n<p>E-07013 Palma | Mallorca<\/p>\n<p><span \n                data-original-string='lkFjjUtJ45SS5ydKVjzkYw==a262kjJ892S5UH1LTHp0KrxlMyoQsY6EF6GqMWbPIEau1Q='\n                class='apbct-email-encoder'\n                title='Este contacto ha sido codificado por Anti-Spam by CleanTalk. Haz clic para decodificar. Para finalizar la decodificaci\u00f3n, aseg\u00farate de que JavaScript est\u00e1 activado en tu navegador.'>ho<span class=\"apbct-blur\">****<\/span>@<span class=\"apbct-blur\">*************<\/span>up.com<\/span><\/p>\n<p>Tel. (+34) 971 26 44 75<\/p>\n<p>C.I.F.: ES E57832404<\/p>\n<\/div>\n<\/div>\n<\/div>\n<\/div>\n<\/div>\n<\/div>\n<div class=\"vc_row wpb_row vc_row-fluid\">\n<div class=\"wpb_column vc_column_container vc_col-sm-12\">\n<div class=\"vc_column-inner \">\n<div class=\"wpb_wrapper\">\n<div class=\"wpb_text_column wpb_content_element \">\n<div class=\"wpb_wrapper\">\n<p>&nbsp;<\/p>\n<\/div>\n<\/div>\n<\/div>\n<\/div>\n<\/div>\n<\/div>\n\t\t\t\t\t\t\t\t<\/div>\n\t\t\t\t<\/div>\n\t\t\t\t\t<\/div>\n\t\t<\/div>\n\t\t\t\t\t<\/div>\n\t\t<\/section>\n\t\t\t\t<\/div>\n\t\t","protected":false},"excerpt":{"rendered":"<p>Holly`s Bistro &amp; Lounge | Cocktailbar es propiedad de Paris New York CB Christina Maria Vogt &amp; Pia Birgitta Vogt Carrer de la Pursiana, 6 E-07013 Palma | Mallorca ho****@*************up.com Tel. (+34) 971 26 44 75 C.I.F.: ES E57832404 &nbsp;<\/p>\n","protected":false},"author":1,"featured_media":0,"parent":0,"menu_order":103,"comment_status":"closed","ping_status":"closed","template":"","meta":{"_acf_changed":false,"footnotes":""},"class_list":["post-2950","page","type-page","status-publish","hentry"],"acf":[],"_links":{"self":[{"href":"https:\/\/golightly-group.com\/es\/wp-json\/wp\/v2\/pages\/2950","targetHints":{"allow":["GET"]}}],"collection":[{"href":"https:\/\/golightly-group.com\/es\/wp-json\/wp\/v2\/pages"}],"about":[{"href":"https:\/\/golightly-group.com\/es\/wp-json\/wp\/v2\/types\/page"}],"author":[{"embeddable":true,"href":"https:\/\/golightly-group.com\/es\/wp-json\/wp\/v2\/users\/1"}],"replies":[{"embeddable":true,"href":"https:\/\/golightly-group.com\/es\/wp-json\/wp\/v2\/comments?post=2950"}],"version-history":[{"count":1,"href":"https:\/\/golightly-group.com\/es\/wp-json\/wp\/v2\/pages\/2950\/revisions"}],"predecessor-version":[{"id":7891,"href":"https:\/\/golightly-group.com\/es\/wp-json\/wp\/v2\/pages\/2950\/revisions\/7891"}],"wp:attachment":[{"href":"https:\/\/golightly-group.com\/es\/wp-json\/wp\/v2\/media?parent=2950"}],"curies":[{"name":"wp","href":"https:\/\/api.w.org\/{rel}","templated":true}]}}