{"id":1250,"date":"2020-11-24T21:00:48","date_gmt":"2020-11-24T21:00:48","guid":{"rendered":"https:\/\/golightly-group.com\/?post_type=product&#038;p=1250"},"modified":"2021-01-26T14:31:40","modified_gmt":"2021-01-26T14:31:40","slug":"badekugel-sunny-orange","status":"publish","type":"product","link":"https:\/\/golightly-group.com\/en\/produkt\/badekugel-sunny-orange\/","title":{"rendered":"Badekugel &#8220;Sunny Orange&#8221;"},"content":{"rendered":"<p>&nbsp;<\/p>\n<p>Die handgefertigte Badekugel &#8220;Sunny Orange&#8221; verw\u00f6hnt sie mit Olivenbutter und Mandel\u00f6l. Kombiniert mit den duftenden, \u00e4therischen \u00d6len sonnengereifter Orangen und Hibiscusbl\u00fcten bringt sie Ihnen ein St\u00fcck Urlaub ins Badezimmer.<br \/>\nOlivenbutter und Mandel\u00f6l spenden der Haut Feuchtigkeit und Elastizit\u00e4t, Orangen\u00f6l und Hibiscusbl\u00fcten verstr\u00f6men einen beruhigenden, entspannenden Duft.<\/p>\n","protected":false},"excerpt":{"rendered":"<div class=\"elementor-element elementor-element-73cee68 elementor-widget elementor-widget-woocommerce-product-short-description\" data-id=\"73cee68\" data-element_type=\"widget\" data-widget_type=\"woocommerce-product-short-description.default\">\n<div class=\"elementor-widget-container\">\n<div class=\"woocommerce-product-details__short-description\">\n<p>Urlaubsfeeling mit Olive, Mandel, Orange &amp; Hibiscus<\/p>\n<\/div>\n<\/div>\n<\/div>\n<div class=\"elementor-element elementor-element-a335987 elementor-widget elementor-widget-image\" data-id=\"a335987\" data-element_type=\"widget\" data-widget_type=\"image.default\">\n<div class=\"elementor-widget-container\"><\/div>\n<\/div>\n","protected":false},"featured_media":1285,"comment_status":"open","ping_status":"closed","template":"","meta":{"_acf_changed":false},"pwb-brand":[49],"product_brand":[],"product_cat":[36,45],"product_tag":[39,57,68,67],"class_list":{"0":"post-1250","1":"product","2":"type-product","3":"status-publish","4":"has-post-thumbnail","6":"pwb-brand-holly-paul","7":"product_cat-kosmetik","8":"product_cat-badekugeln","9":"product_tag-badekugel","10":"product_tag-handgefertigt","11":"product_tag-summer","12":"product_tag-urlaubsfeeling","14":"first","15":"instock","16":"taxable","17":"shipping-taxable","18":"purchasable","19":"product-type-simple"},"acf":[],"brands":[{"id":49,"name":"Holly &amp; Paul","slug":"holly-paul"}],"_links":{"self":[{"href":"https:\/\/golightly-group.com\/en\/wp-json\/wp\/v2\/product\/1250","targetHints":{"allow":["GET"]}}],"collection":[{"href":"https:\/\/golightly-group.com\/en\/wp-json\/wp\/v2\/product"}],"about":[{"href":"https:\/\/golightly-group.com\/en\/wp-json\/wp\/v2\/types\/product"}],"replies":[{"embeddable":true,"href":"https:\/\/golightly-group.com\/en\/wp-json\/wp\/v2\/comments?post=1250"}],"version-history":[{"count":0,"href":"https:\/\/golightly-group.com\/en\/wp-json\/wp\/v2\/product\/1250\/revisions"}],"wp:featuredmedia":[{"embeddable":true,"href":"https:\/\/golightly-group.com\/en\/wp-json\/wp\/v2\/media\/1285"}],"wp:attachment":[{"href":"https:\/\/golightly-group.com\/en\/wp-json\/wp\/v2\/media?parent=1250"}],"wp:term":[{"taxonomy":"pwb-brand","embeddable":true,"href":"https:\/\/golightly-group.com\/en\/wp-json\/wp\/v2\/pwb-brand?post=1250"},{"taxonomy":"product_brand","embeddable":true,"href":"https:\/\/golightly-group.com\/en\/wp-json\/wp\/v2\/product_brand?post=1250"},{"taxonomy":"product_cat","embeddable":true,"href":"https:\/\/golightly-group.com\/en\/wp-json\/wp\/v2\/product_cat?post=1250"},{"taxonomy":"product_tag","embeddable":true,"href":"https:\/\/golightly-group.com\/en\/wp-json\/wp\/v2\/product_tag?post=1250"}],"curies":[{"name":"wp","href":"https:\/\/api.w.org\/{rel}","templated":true}]}}