{"id":1245,"date":"2020-11-24T17:53:01","date_gmt":"2020-11-24T17:53:01","guid":{"rendered":"https:\/\/golightly-group.com\/?post_type=product&#038;p=1245"},"modified":"2020-12-27T12:56:55","modified_gmt":"2020-12-27T12:56:55","slug":"badekugel-lovely-lavender","status":"publish","type":"product","link":"https:\/\/golightly-group.com\/en\/produkt\/badekugel-lovely-lavender\/","title":{"rendered":"Badekugel &#8220;Lovely Lavender&#8221;"},"content":{"rendered":"<p>Die Badekugel &#8220;Lovely Lavender&#8221; ist handgefertigt und vereint die pflegenden Eigenschaften von Kakaobutter und Kokos\u00f6l mit dem Duft des Lavendels.<br \/>\nKakaobutter und Kokos\u00f6l pflegen die Haut und versorgen Sie mit wertvollen Vitaminen. Die \u00e4therischen \u00d6le des Lavendels und getrockneten Lavendelbl\u00fcten sorgen f\u00fcr ein wohliges, entspannendes Badeerlebnis.<\/p>\n","protected":false},"excerpt":{"rendered":"<p>Mediterraner Bl\u00fctenzauber<\/p>\n","protected":false},"featured_media":1291,"comment_status":"open","ping_status":"closed","template":"","meta":{"_acf_changed":false},"pwb-brand":[49],"product_brand":[],"product_cat":[45,36],"product_tag":[39,66,65],"class_list":{"0":"post-1245","1":"product","2":"type-product","3":"status-publish","4":"has-post-thumbnail","6":"pwb-brand-holly-paul","7":"product_cat-badekugeln","8":"product_cat-kosmetik","9":"product_tag-badekugel","10":"product_tag-bluetenzauber","11":"product_tag-lavendelduft","13":"first","14":"instock","15":"taxable","16":"shipping-taxable","17":"purchasable","18":"product-type-simple"},"acf":[],"brands":[{"id":49,"name":"Holly &amp; Paul","slug":"holly-paul"}],"_links":{"self":[{"href":"https:\/\/golightly-group.com\/en\/wp-json\/wp\/v2\/product\/1245","targetHints":{"allow":["GET"]}}],"collection":[{"href":"https:\/\/golightly-group.com\/en\/wp-json\/wp\/v2\/product"}],"about":[{"href":"https:\/\/golightly-group.com\/en\/wp-json\/wp\/v2\/types\/product"}],"replies":[{"embeddable":true,"href":"https:\/\/golightly-group.com\/en\/wp-json\/wp\/v2\/comments?post=1245"}],"version-history":[{"count":0,"href":"https:\/\/golightly-group.com\/en\/wp-json\/wp\/v2\/product\/1245\/revisions"}],"wp:featuredmedia":[{"embeddable":true,"href":"https:\/\/golightly-group.com\/en\/wp-json\/wp\/v2\/media\/1291"}],"wp:attachment":[{"href":"https:\/\/golightly-group.com\/en\/wp-json\/wp\/v2\/media?parent=1245"}],"wp:term":[{"taxonomy":"pwb-brand","embeddable":true,"href":"https:\/\/golightly-group.com\/en\/wp-json\/wp\/v2\/pwb-brand?post=1245"},{"taxonomy":"product_brand","embeddable":true,"href":"https:\/\/golightly-group.com\/en\/wp-json\/wp\/v2\/product_brand?post=1245"},{"taxonomy":"product_cat","embeddable":true,"href":"https:\/\/golightly-group.com\/en\/wp-json\/wp\/v2\/product_cat?post=1245"},{"taxonomy":"product_tag","embeddable":true,"href":"https:\/\/golightly-group.com\/en\/wp-json\/wp\/v2\/product_tag?post=1245"}],"curies":[{"name":"wp","href":"https:\/\/api.w.org\/{rel}","templated":true}]}}